{"id":493,"date":"2023-04-27T21:53:42","date_gmt":"2023-04-27T21:53:42","guid":{"rendered":"https:\/\/velettamob.com\/?page_id=493"},"modified":"2023-04-27T21:53:42","modified_gmt":"2023-04-27T21:53:42","slug":"politica-de-envio","status":"publish","type":"page","link":"https:\/\/velettamob.com\/index.php\/politica-de-envio\/","title":{"rendered":"Pol\u00edtica de env\u00edo"},"content":{"rendered":"<p>Colaboramos\u00a0en conjunto con FedEx, Estafeta, Paquete Express, Castores, entre otras compa\u00f1\u00edas para realizar env\u00edos a toda y \u00fanicamente al interior de la rep\u00fablica. Los costos de env\u00edo est\u00e1n\u00a0sujetos a cambios sin previo aviso.<\/p>\n<p>El tiempo de los env\u00edos gratuitos puede tardar de 3 a 7 d\u00edas h\u00e1biles (lunes a viernes, fines de semana y d\u00edas festivos no se consideran d\u00edas h\u00e1biles) y de 1 a 3 d\u00edas los env\u00edos con costo. En caso de que el comprobante de pago se reciba despu\u00e9s de las 3 de la tarde el env\u00edo se procesa al d\u00eda h\u00e1bil siguiente.<\/p>\n<p>En compras de mobiliario o\u00a0paquetes\u00a0mayores a 2 kg y\/o zona extendida no aplica env\u00edo gratis. Nos reservamos el derecho de\u00a0rechazar la prestaci\u00f3n del servicio de venta a cualquier persona por cualquier motivo y en cualquier momento.<\/p>\n<p>Es responsabilidad del cliente verificar que su ubicaci\u00f3n se encuentre dentro de los l\u00edmites de entrega de cualquiera de los servicios de entrega ofrecidos por TINTA Sup. Se debe de tener en consideraci\u00f3n que el tiempo de entrega se confirma hasta realizar el pago y se puede presentar el caso de que el domicilio se encuentre en \u00e1rea extendida (fuera del alcance de una entrega de d\u00eda siguiente). De ser este el caso, el env\u00edo se realizar\u00e1 en el periodo estipulado por la paqueter\u00eda y se realizar\u00e1 una bonificaci\u00f3n en la cuenta del usuario por el excedente pagado.<\/p>\n<p>Los horarios de entrega son abiertos de lunes a viernes en d\u00edas h\u00e1biles y deber\u00e1 haber alguna persona para recibir el paquete.\u00a0TINTA Sup no tiene responsabilidad sobre los horarios de entrega. Es responsabilidad del cliente comunicarse a la paqueter\u00eda y acordar la entrega.<\/p>\n<p>El tiempo de entrega no es garantizado ya que pueden existir problemas ajenos a TINTA Sup\u00a0que no est\u00e1n en nuestras manos, como puede ser retraso en la paqueter\u00eda por alta demanda, clima o accidentes viales, entre otros.<\/p>\n","protected":false},"excerpt":{"rendered":"<p>Colaboramos\u00a0en conjunto con FedEx, Estafeta, Paquete Express, Castores, entre otras compa\u00f1\u00edas para realizar env\u00edos a toda y \u00fanicamente al interior de la rep\u00fablica. Los costos de env\u00edo est\u00e1n\u00a0sujetos a cambios sin previo aviso. El tiempo de los env\u00edos gratuitos puede tardar de 3 a 7 d\u00edas h\u00e1biles (lunes a viernes, fines de semana y d\u00edas [&hellip;]<\/p>\n","protected":false},"author":1,"featured_media":0,"parent":0,"menu_order":0,"comment_status":"closed","ping_status":"closed","template":"","meta":{"footnotes":""},"class_list":["post-493","page","type-page","status-publish","hentry"],"_links":{"self":[{"href":"https:\/\/velettamob.com\/index.php\/wp-json\/wp\/v2\/pages\/493","targetHints":{"allow":["GET"]}}],"collection":[{"href":"https:\/\/velettamob.com\/index.php\/wp-json\/wp\/v2\/pages"}],"about":[{"href":"https:\/\/velettamob.com\/index.php\/wp-json\/wp\/v2\/types\/page"}],"author":[{"embeddable":true,"href":"https:\/\/velettamob.com\/index.php\/wp-json\/wp\/v2\/users\/1"}],"replies":[{"embeddable":true,"href":"https:\/\/velettamob.com\/index.php\/wp-json\/wp\/v2\/comments?post=493"}],"version-history":[{"count":1,"href":"https:\/\/velettamob.com\/index.php\/wp-json\/wp\/v2\/pages\/493\/revisions"}],"predecessor-version":[{"id":494,"href":"https:\/\/velettamob.com\/index.php\/wp-json\/wp\/v2\/pages\/493\/revisions\/494"}],"wp:attachment":[{"href":"https:\/\/velettamob.com\/index.php\/wp-json\/wp\/v2\/media?parent=493"}],"curies":[{"name":"wp","href":"https:\/\/api.w.org\/{rel}","templated":true}]}}